{"id":2038,"date":"2022-11-21T13:46:36","date_gmt":"2022-11-21T10:46:36","guid":{"rendered":"https:\/\/a2scars.rent\/personal-driver\/"},"modified":"2025-03-05T02:24:38","modified_gmt":"2025-03-04T23:24:38","slug":"personal-driver","status":"publish","type":"page","link":"https:\/\/a2scars.rent\/pl\/personal-driver\/","title":{"rendered":"Kierowca osobisty"},"content":{"rendered":"<h1 data-start=\"36\" data-end=\"79\"><strong data-start=\"36\" data-end=\"79\">Wynajem samochod\u00f3w dziennych z kierowc\u0105<\/strong><\/h1>\n<p data-start=\"81\" data-end=\"231\">Nasza firma oferuje mo\u017cliwo\u015b\u0107 wyboru swojego osobistego kierowcy, co pozwala Ci dotrze\u0107 do ka\u017cdego miejsca na Korfu w swoim w\u0142asnym tempie i wygodzie.<\/p>\n<p data-start=\"233\" data-end=\"307\">Mo\u017cesz zam\u00f3wi\u0107 osobistego kierowc\u0119 przy rezerwacji samochodu w a2s, je\u015bli:<\/p>\n<ul data-start=\"309\" data-end=\"695\">\n<li data-start=\"309\" data-end=\"336\">Nie posiadasz prawa jazdy<\/li>\n<li data-start=\"337\" data-end=\"395\">Nie czujesz si\u0119 pewnie, prowadz\u0105c w nieznanych miejscach<\/li>\n<li data-start=\"396\" data-end=\"445\">Nie lubisz prowadzi\u0107 podczas podr\u00f3\u017cy za granic\u0105<\/li>\n<li data-start=\"446\" data-end=\"496\">Problemy zdrowotne uniemo\u017cliwiaj\u0105 Ci prowadzenie<\/li>\n<li data-start=\"497\" data-end=\"538\">Chcia\u0142by\u015b wypi\u0107 alkohol podczas wakacji<\/li>\n<li data-start=\"539\" data-end=\"695\">Jedyn\u0105 rzecz\u0105, kt\u00f3rej potrzebujesz, jest pe\u0142ny relaks i wakacje bez stresu, bez konieczno\u015bci prowadzenia pojazdu w gor\u0105ce letnie miesi\u0105ce na wyspie Korfu.<\/li>\n<\/ul>\n","protected":false},"excerpt":{"rendered":"<p>Wynajem samochod\u00f3w dziennych z kierowc\u0105 Nasza firma oferuje mo\u017cliwo\u015b\u0107 wyboru swojego osobistego kierowcy, co pozwala Ci dotrze\u0107 do ka\u017cdego miejsca na Korfu w swoim w\u0142asnym tempie i wygodzie. Mo\u017cesz zam\u00f3wi\u0107 osobistego kierowc\u0119 przy rezerwacji samochodu w a2s, je\u015bli: Nie posiadasz prawa jazdy Nie czujesz si\u0119 pewnie, prowadz\u0105c w nieznanych miejscach Nie lubisz prowadzi\u0107 podczas podr\u00f3\u017cy [&hellip;]<\/p>\n","protected":false},"author":1,"featured_media":0,"parent":0,"menu_order":121,"comment_status":"closed","ping_status":"closed","template":"template-personal-driver.php","meta":{"_acf_changed":false,"om_disable_all_campaigns":false,"_monsterinsights_skip_tracking":false,"_monsterinsights_sitenote_active":false,"_monsterinsights_sitenote_note":"","_monsterinsights_sitenote_category":0,"_uf_show_specific_survey":0,"_uf_disable_surveys":false,"footnotes":""},"class_list":["post-2038","page","type-page","status-publish","hentry"],"acf":[],"_links":{"self":[{"href":"https:\/\/a2scars.rent\/pl\/wp-json\/wp\/v2\/pages\/2038","targetHints":{"allow":["GET"]}}],"collection":[{"href":"https:\/\/a2scars.rent\/pl\/wp-json\/wp\/v2\/pages"}],"about":[{"href":"https:\/\/a2scars.rent\/pl\/wp-json\/wp\/v2\/types\/page"}],"author":[{"embeddable":true,"href":"https:\/\/a2scars.rent\/pl\/wp-json\/wp\/v2\/users\/1"}],"replies":[{"embeddable":true,"href":"https:\/\/a2scars.rent\/pl\/wp-json\/wp\/v2\/comments?post=2038"}],"version-history":[{"count":2,"href":"https:\/\/a2scars.rent\/pl\/wp-json\/wp\/v2\/pages\/2038\/revisions"}],"predecessor-version":[{"id":3320,"href":"https:\/\/a2scars.rent\/pl\/wp-json\/wp\/v2\/pages\/2038\/revisions\/3320"}],"wp:attachment":[{"href":"https:\/\/a2scars.rent\/pl\/wp-json\/wp\/v2\/media?parent=2038"}],"curies":[{"name":"wp","href":"https:\/\/api.w.org\/{rel}","templated":true}]}}