{"id":5096,"date":"2025-04-15T02:20:53","date_gmt":"2025-04-14T23:20:53","guid":{"rendered":"https:\/\/a2scars.rent\/?page_id=5096"},"modified":"2025-12-11T15:06:30","modified_gmt":"2025-12-11T12:06:30","slug":"termini-e-condizioni","status":"publish","type":"page","link":"https:\/\/a2scars.rent\/it\/termini-e-condizioni\/","title":{"rendered":"Termini e Condizioni"},"content":{"rendered":"<div style=\"background-color: #003877; border: 1px solid #ccc; padding: 4px; border-radius: 3px; color: #ffffff;\"><strong><span style=\"font-size: 18pt;\">Polizza Assicurativa &#8211; Protezione<\/span><\/strong><\/div>\n<p>&nbsp;<\/p>\n<p><span style=\"color: #000000;\"><strong><span style=\"text-decoration: underline;\">Collision Damage Waiver (C.D.W.) \u2013 Riduce la responsabilit\u00e0 dell\u2019inquilino per i danni al veicolo fino all\u2019importo della franchigia,<\/span><\/strong><\/span><\/p>\n<p>&nbsp;<\/p>\n<hr \/>\n<p class=\"\" data-start=\"50\" data-end=\"204\"><span style=\"color: #000000;\"><strong data-start=\"50\" data-end=\"56\">a)<\/strong> Per i modelli di auto <strong data-start=\"79\" data-end=\"175\">Volkswagen Up, Fiat Panda, Smart For Two, Nissan Micra, Toyota Yaris, Hyundai i10, Fiat 500C,Kia Picanto,Peugeot 108, Hyundai i20<\/strong>\u00a0<\/span><span style=\"color: #008000;\"><strong data-start=\"178\" data-end=\"204\">Addebito massimo \u20ac650<\/strong><\/span><\/p>\n<p class=\"\" data-start=\"206\" data-end=\"334\"><span style=\"color: #000000;\"><strong data-start=\"206\" data-end=\"212\">b)<\/strong> Per i modelli di auto <strong data-start=\"235\" data-end=\"305\">Skoda Fabia, Ford Focus, Kia Stonic, Fiat Tipo Sedan, Fiat Tipo SW,Dacia Sandero Stepway<\/strong><\/span><span data-start=\"235\" data-end=\"305\">\u00a0<\/span><span style=\"color: #008000;\"><strong data-start=\"308\" data-end=\"334\">Addebito massimo \u20ac790<\/strong><\/span><\/p>\n<p class=\"\" data-start=\"336\" data-end=\"443\"><span style=\"color: #000000;\"><strong data-start=\"336\" data-end=\"342\">c)<\/strong> Per i modelli di auto <strong data-start=\"365\" data-end=\"413\">Volkswagen T-Cross, Fiat Doblo, Ford Transit<\/strong>\u00a0<\/span><strong data-start=\"416\" data-end=\"443\"><span style=\"color: #000000;\">Addebito<\/span> <span style=\"color: #008000;\">massimo \u20ac1200<\/span><\/strong><\/p>\n<p class=\"\" data-start=\"445\" data-end=\"515\"><span style=\"color: #000000;\"><strong data-start=\"445\" data-end=\"451\">d)<\/strong> Per il modello di auto <strong data-start=\"475\" data-end=\"485\">BMW X1<\/strong>\u00a0<\/span><strong data-start=\"488\" data-end=\"515\"><span style=\"color: #000000;\">Addebito<\/span> <span style=\"color: #008000;\">massimo \u20ac2500<\/span><\/strong><\/p>\n<p>&nbsp;<\/p>\n<p><span style=\"color: #000000;\">La franchigia viene trattenuta per l\u2019intero periodo di noleggio tramite carta di debito o di credito, che deve essere intestata al conducente, e sar\u00e0 rilasciata <strong>30 giorni<\/strong> dopo l\u2019inizio del noleggio, se non si \u00e8 verificato alcun danno. L\u2019assicurazione base non copre i danni alla parte inferiore del veicolo, agli pneumatici e la rottura dei cristalli.<\/span><\/p>\n<p>&nbsp;<\/p>\n<div style=\"background-color: #003877; border: 1px solid #ccc; padding: 4px; border-radius: 3px; color: #ffffff;\">\n<h4><span style=\"font-size: 18pt; color: #ffcc00;\">Assicurazioni opzionali<\/span><\/h4>\n<\/div>\n<p>&nbsp;<\/p>\n<div style=\"background-color: #003877; border: 1px solid #ccc; padding: 4px; border-radius: 3px; color: #ffffff;\"><span style=\"font-size: 18pt;\"><strong>Super Coverage (Riduci la franchigia e il deposito)<\/strong><\/span><\/div>\n<p><img loading=\"lazy\" decoding=\"async\" class=\"alignnone wp-image-4661\" src=\"https:\/\/a2scars.rent\/wp-content\/uploads\/2025\/03\/scdw-italian-300x201.png\" alt=\"|\" width=\"584\" height=\"391\" title=\"\" srcset=\"https:\/\/a2scars.rent\/wp-content\/uploads\/2025\/03\/scdw-italian-300x201.png 300w, https:\/\/a2scars.rent\/wp-content\/uploads\/2025\/03\/scdw-italian-1024x685.png 1024w, https:\/\/a2scars.rent\/wp-content\/uploads\/2025\/03\/scdw-italian-768x513.png 768w, https:\/\/a2scars.rent\/wp-content\/uploads\/2025\/03\/scdw-italian-1200x802.png 1200w, https:\/\/a2scars.rent\/wp-content\/uploads\/2025\/03\/scdw-italian-600x401.png 600w, https:\/\/a2scars.rent\/wp-content\/uploads\/2025\/03\/scdw-italian-450x301.png 450w, https:\/\/a2scars.rent\/wp-content\/uploads\/2025\/03\/scdw-italian-200x134.png 200w, https:\/\/a2scars.rent\/wp-content\/uploads\/2025\/03\/scdw-italian.png 1376w\" sizes=\"auto, (max-width: 584px) 100vw, 584px\" \/><\/p>\n<div style=\"background-color: #003877; border: 1px solid #ccc; padding: 4px; border-radius: 3px; color: #ffffff;\"><span style=\"font-size: 24px;\"><b>Premium Coverage (Carrozzeria completa &#8211; Nessun deposito)<\/b><\/span><\/div>\n<p><img loading=\"lazy\" decoding=\"async\" class=\"alignnone wp-image-4666\" src=\"https:\/\/a2scars.rent\/wp-content\/uploads\/2025\/03\/fdw-italian-300x201.png\" alt=\"|\" width=\"590\" height=\"395\" title=\"\" srcset=\"https:\/\/a2scars.rent\/wp-content\/uploads\/2025\/03\/fdw-italian-300x201.png 300w, https:\/\/a2scars.rent\/wp-content\/uploads\/2025\/03\/fdw-italian-1024x685.png 1024w, https:\/\/a2scars.rent\/wp-content\/uploads\/2025\/03\/fdw-italian-768x513.png 768w, https:\/\/a2scars.rent\/wp-content\/uploads\/2025\/03\/fdw-italian-1200x802.png 1200w, https:\/\/a2scars.rent\/wp-content\/uploads\/2025\/03\/fdw-italian-600x401.png 600w, https:\/\/a2scars.rent\/wp-content\/uploads\/2025\/03\/fdw-italian-450x301.png 450w, https:\/\/a2scars.rent\/wp-content\/uploads\/2025\/03\/fdw-italian-200x134.png 200w, https:\/\/a2scars.rent\/wp-content\/uploads\/2025\/03\/fdw-italian.png 1376w\" sizes=\"auto, (max-width: 590px) 100vw, 590px\" \/><\/p>\n<article class=\"text-token-text-primary w-full\" dir=\"auto\" data-testid=\"conversation-turn-164\" data-scroll-anchor=\"true\">\n<div class=\"text-base my-auto mx-auto py-5 [--thread-content-margin:--spacing(4)] @[37rem]:[--thread-content-margin:--spacing(6)] @[70rem]:[--thread-content-margin:--spacing(12)] px-(--thread-content-margin)\">\n<div class=\"[--thread-content-max-width:32rem] @[34rem]:[--thread-content-max-width:40rem] @[64rem]:[--thread-content-max-width:48rem] mx-auto flex max-w-(--thread-content-max-width) flex-1 text-base gap-4 md:gap-5 lg:gap-6 group\/turn-messages focus-visible:outline-hidden\" tabindex=\"-1\">\n<div class=\"group\/conversation-turn relative flex w-full min-w-0 flex-col agent-turn\">\n<div class=\"relative flex-col gap-1 md:gap-3\">\n<div class=\"flex max-w-full flex-col grow\">\n<div class=\"min-h-8 text-message relative flex w-full flex-col items-end gap-2 text-start break-words whitespace-normal [.text-message+&amp;]:mt-5\" dir=\"auto\" data-message-author-role=\"assistant\" data-message-id=\"a3463f19-a804-4cde-9339-23d02d4f7977\" data-message-model-slug=\"gpt-4o-mini\">\n<div class=\"flex w-full flex-col gap-1 empty:hidden first:pt-[3px]\">\n<div class=\"markdown prose dark:prose-invert w-full break-words light\">\n<p class=\"\" data-start=\"0\" data-end=\"243\"><span style=\"color: #000000;\">Con questo pacchetto <span style=\"color: #008000;\"><strong>non \u00e8 necessaria una carta di debito\/credito. Non \u00e8 necessario preautorizzare alcun importo come garanzia.<\/strong><\/span><\/span><br data-start=\"127\" data-end=\"130\" \/><span style=\"color: #000000;\">L&#8217;assicurazione opzionale non copre danni alla parte inferiore dell&#8217;auto, ai pneumatici, agli specchi e ai vetri.<\/span><\/p>\n<p>&nbsp;<\/p>\n<\/div>\n<\/div>\n<\/div>\n<\/div>\n<\/div>\n<\/div>\n<\/div>\n<\/div>\n<\/article>\n<div style=\"background-color: #003877; border: 1px solid #ccc; padding: 4px; border-radius: 3px; color: #ffffff;\"><span style=\"font-size: 24px;\"><b>Gold Coverage (Tutto incluso &#8211; Nessun deposito)<\/b><\/span><\/div>\n<div><\/div>\n<div><img loading=\"lazy\" decoding=\"async\" class=\"alignnone wp-image-4671\" src=\"https:\/\/a2scars.rent\/wp-content\/uploads\/2025\/03\/fdw-wug-italian-300x201.png\" alt=\"|\" width=\"588\" height=\"394\" title=\"\" srcset=\"https:\/\/a2scars.rent\/wp-content\/uploads\/2025\/03\/fdw-wug-italian-300x201.png 300w, https:\/\/a2scars.rent\/wp-content\/uploads\/2025\/03\/fdw-wug-italian-1024x685.png 1024w, https:\/\/a2scars.rent\/wp-content\/uploads\/2025\/03\/fdw-wug-italian-768x513.png 768w, https:\/\/a2scars.rent\/wp-content\/uploads\/2025\/03\/fdw-wug-italian-1200x802.png 1200w, https:\/\/a2scars.rent\/wp-content\/uploads\/2025\/03\/fdw-wug-italian-600x401.png 600w, https:\/\/a2scars.rent\/wp-content\/uploads\/2025\/03\/fdw-wug-italian-450x301.png 450w, https:\/\/a2scars.rent\/wp-content\/uploads\/2025\/03\/fdw-wug-italian-200x134.png 200w, https:\/\/a2scars.rent\/wp-content\/uploads\/2025\/03\/fdw-wug-italian.png 1376w\" sizes=\"auto, (max-width: 588px) 100vw, 588px\" \/><\/div>\n<div><\/div>\n<div><span style=\"color: #000000;\">Con questo pacchetto <span style=\"color: #008000;\"><strong>non \u00e8 necessaria una carta di debito\/credito. Non \u00e8 necessario preautorizzare alcun importo come garanzia.<\/strong><\/span><\/span><\/div>\n<div><\/div>\n<div><\/div>\n<div><\/div>\n<p>&nbsp;<\/p>\n<div><\/div>\n<div><\/div>\n<div style=\"background-color: #31862d; border: 1px solid #ccc; padding: 4px; border-radius: 3px; color: #ffffff;\">\n<h4><span style=\"font-size: 18pt;\">Incluso in ogni noleggio<\/span><\/h4>\n<\/div>\n<div style=\"background-color: #fafafa; border: 1px solid #ccc; padding: 4px; border-radius: 3px; color: #003877;\">\n<p><strong><span style=\"color: #000000;\">Renuncia ai danni da collisione (C.D.W.)<\/span><\/strong><\/p>\n<p><span style=\"color: #000000;\">Gi\u00e0 inclusa nei prezzi totali, fornisce copertura per la responsabilit\u00e0 civile del\/dei conducente(i) per danni personali e materiali a terzi derivanti dall&#8217;uso del veicolo, con un importo di franchigia specificato.<\/span><\/p>\n<p><strong><span style=\"color: #000000;\">Chilometraggio illimitato<\/span><\/strong><\/p>\n<p><span style=\"color: #000000;\">Esplora tutte le bellissime attrazioni di Corf\u00f9 senza preoccuparti delle limitazioni sul chilometraggio \u2013 il chilometraggio illimitato \u00e8 sempre incluso nelle nostre tariffe.<\/span><\/p>\n<p><strong><span style=\"color: #000000;\">Assistenza stradale<\/span><\/strong><\/p>\n<p><span style=\"color: #000000;\">Il nostro servizio di assistenza stradale \u00e8 disponibile 24 ore su 24, 7 giorni su 7 e fornito gratuitamente.<\/span><\/p>\n<p><strong><span style=\"color: #000000;\">Assicurazione infortuni personali (P.A.I)<\/span><\/strong><\/p>\n<p><span style=\"color: #000000;\">L&#8217;assicurazione infortuni personali copre i costi di trattamento ospedaliero e, in generale, tutti i costi medici solo per il conducente del veicolo.<\/span><\/p>\n<p><strong><span style=\"color: #000000;\">Assicurazione per danni a terzi (T.P.I.)<\/span><\/strong><\/p>\n<p><span style=\"color: #000000;\">Sei assicurato in caso di lesioni o distruzione di beni di terzi, oltre al locatario e ai passeggeri.<\/span><\/p>\n<p><strong><span style=\"color: #000000;\">Protezione contro il furto del veicolo (T.P.)<\/span><\/strong><\/p>\n<p><span style=\"color: #000000;\">Sei completamente sollevato dalla responsabilit\u00e0 finanziaria in caso di furto del veicolo, a condizione che tu abbia le chiavi dell&#8217;auto in tuo possesso. <\/span><br \/>\n<span style=\"color: #000000;\">Se le chiavi vengono lasciate all&#8217;interno del veicolo durante il furto, questa protezione non si applica. <\/span><br \/>\n<span style=\"color: #000000;\">Si prega di notare: gli effetti personali non sono coperti.<\/span><\/p>\n<\/div>\n<p>&nbsp;<\/p>\n<div style=\"background-color: #de0030; border: 1px solid #ccc; padding: 4px; border-radius: 3px; color: #ffffff;\">\n<h4><strong><span style=\"font-size: 18pt;\">Nessuna copertura assicurativa <\/span><\/strong><span style=\"font-size: 18pt;\">(CDW, Super Coverage, Premium Coverage, Gold Coverage)<\/span><\/h4>\n<\/div>\n<div style=\"background-color: #fafafa; border: 1px solid #ccc; padding: 4px; border-radius: 3px; color: #003877;\">\n<p><span style=\"color: #000000;\">Dopo un incidente, il conducente non si ferma e non prende le necessarie azioni, come informare la nostra compagnia, la polizia stradale (100), ottenere i nomi e gli indirizzi delle persone coinvolte nell&#8217;incidente, e non spostare l&#8217;auto dal luogo in cui \u00e8 avvenuto l&#8217;incidente prima che arrivi il rappresentante della compagnia assicurativa o la polizia stradale.<\/span><\/p>\n<p data-start=\"63\" data-end=\"177\"><span style=\"color: #000000;\"><strong data-start=\"63\" data-end=\"177\">Il cliente si assume la piena responsabilit\u00e0 nei seguenti casi, in cui la copertura assicurativa non \u00e8 valida:<\/strong><\/span><\/p>\n<p data-start=\"181\" data-end=\"269\"><span style=\"color: #ff0000;\"><strong>Danni all\u2019interno o all\u2019esterno del veicolo senza una denuncia ufficiale di incidente.<\/strong><\/span><\/p>\n<p data-start=\"272\" data-end=\"372\"><span style=\"color: #ff0000;\"><strong>Danni alla parte inferiore del veicolo causati dalla guida su strade non asfaltate o fuori strada.<\/strong><\/span><\/p>\n<p data-start=\"375\" data-end=\"423\"><span style=\"color: #ff0000;\"><strong>Frizione bruciata a causa di un uso scorretto.<\/strong><\/span><\/p>\n<p data-start=\"426\" data-end=\"532\"><span style=\"color: #ff0000;\"><strong>Motore danneggiato per negligenza o a causa della rottura della coppa dell\u2019olio su strade non asfaltate.<\/strong><\/span><\/p>\n<p data-start=\"535\" data-end=\"615\"><span style=\"color: #ff0000;\"><strong>Se il veicolo rimane bloccato o si sposta in aree come spiagge, montagne, ecc.<\/strong><\/span><\/p>\n<p data-start=\"618\" data-end=\"720\"><span style=\"color: #ff0000;\"><strong>Se il veicolo viene guidato da una persona non autorizzata o non indicata nel contratto di noleggio.<\/strong><\/span><\/p>\n<p data-start=\"723\" data-end=\"828\"><span style=\"color: #ff0000;\"><strong>Incidente o danno causato sotto l\u2019effetto di alcol, droghe, guida intenzionale pericolosa o fuori strada.<\/strong><\/span><\/p>\n<p data-start=\"830\" data-end=\"1100\"><span style=\"color: #000000;\">In tutti i casi sopra indicati, il cliente \u00e8 completamente responsabile per eventuali costi o danni.<\/span><br data-start=\"930\" data-end=\"933\" \/><span style=\"color: #000000;\">Qualsiasi incidente o danno non segnalato immediatamente alla societ\u00e0 pu\u00f2 essere considerato negligenza. In tal caso, la copertura assicurativa sar\u00e0 considerata nulla.<\/span><\/p>\n<p>&nbsp;<\/p>\n<\/div>\n<p>&nbsp;<\/p>\n<div class=\"info-box\">\n<div style=\"background-color: #003877; border: 1px solid #ccc; padding: 4px; border-radius: 3px; color: #ffffff;\">\n<h4 class=\"p1\"><span style=\"font-size: 18pt;\">Requisiti per la patente di guida<\/span><\/h4>\n<\/div>\n<div style=\"background-color: #fafafa; border: 1px solid #ccc; padding: 4px; border-radius: 3px; color: #003877;\">\n<p class=\"\" data-start=\"0\" data-end=\"44\"><span style=\"color: #000000;\">Accettiamo tutte le patenti di guida valide!<\/span><\/p>\n<p class=\"\" data-start=\"46\" data-end=\"54\"><span style=\"color: #000000;\">Inclusi:<\/span><\/p>\n<p class=\"\" data-start=\"61\" data-end=\"94\"><span style=\"color: #000000;\">-Patenti emesse da qualsiasi paese<\/span><\/p>\n<p class=\"\" data-start=\"101\" data-end=\"132\"><span style=\"color: #000000;\">-Patenti emesse da almeno 3 anni<\/span><\/p>\n<p><span style=\"color: #000000;\"><strong>Cosa devi portare:<\/strong><\/span><\/p>\n<p><span style=\"color: #000000;\">La tua<strong> patente di guida fisica<\/strong> (<span style=\"text-decoration: underline;\"><span style=\"color: #ff0000; text-decoration: underline;\">non una copia digitale<\/span><\/span>), insieme a una valida carta d&#8217;identit\u00e0 o passaporto. <strong>Nessun altro documento \u00e8 richiesto!<\/strong><\/span><\/p>\n<\/div>\n<\/div>\n<div><\/div>\n<div class=\"info-box\">\n<div style=\"background-color: #003877; border: 1px solid #ccc; padding: 4px; border-radius: 3px; color: #ffffff;\"><span style=\"font-size: 18pt;\"><strong>Prenotazioni<\/strong><\/span><\/div>\n<p><span style=\"color: #000000;\">I tipi di auto menzionati sono solo indicativi. Le prenotazioni vengono effettuate in base al gruppo di categorie del veicolo, non per un modello specifico. In caso di indisponibilit\u00e0 di un veicolo nella categoria precedentemente selezionata dal cliente, sempre con riferimento a una prenotazione confermata, A2S CAR RENTAL si riserva il diritto di fornire al cliente un&#8217;auto di categoria superiore, senza alcun costo aggiuntivo.<\/span><\/p>\n<div style=\"background-color: #003877; border: 1px solid #ccc; padding: 4px; border-radius: 3px; color: #ffffff;\"><span style=\"font-size: 18pt;\"><strong>Consegna notturna<\/strong><\/span><\/div>\n<p><span style=\"color: #000000;\">Si applica una tariffa di 50 \u20ac per ogni ritiro o restituzione programmato tra le 22:00 e le 08:00 (al di fuori dell&#8217;orario di lavoro).<\/span><\/p>\n<div style=\"background-color: #003877; border: 1px solid #ccc; padding: 4px; border-radius: 3px; color: #ffffff;\"><span style=\"font-size: 18pt;\"><strong>Requisiti di et\u00e0 minima\/massima e tariffe<\/strong><\/span><\/div>\n<p class=\"\" data-start=\"0\" data-end=\"141\"><span style=\"color: #000000;\">Il conducente deve avere almeno 21 anni e al massimo 75 anni, con una patente di guida detenuta da almeno 3 anni, per tutti i gruppi di auto.<\/span><\/p>\n<p class=\"\" data-start=\"148\" data-end=\"271\"><span style=\"color: #000000;\">-La tariffa per i conducenti giovani \u00e8 di 7 \u20ac al giorno per i conducenti dai 21 ai 25 anni, con una tariffa massima di 70 \u20ac.<\/span><\/p>\n<p class=\"\" data-start=\"278\" data-end=\"400\"><span style=\"color: #000000;\">-La tariffa per i conducenti senior \u00e8 di 7 \u20ac al giorno per i conducenti dai 71 ai 75 anni, con una tariffa massima di 70 \u20ac.<\/span><\/p>\n<p>&nbsp;<\/p>\n<div style=\"background-color: #31862d; border: 1px solid #ccc; padding: 4px; border-radius: 3px; color: #ffffff;\">\n<h4><span style=\"font-size: 18pt;\">Metodi di pagamento<\/span><\/h4>\n<\/div>\n<div style=\"background-color: #fafafa; border: 1px solid #ccc; padding: 4px; border-radius: 3px; color: #003877;\">\n<p class=\"\" data-start=\"0\" data-end=\"65\"><span style=\"color: #000000;\">Qualsiasi carta (MasterCard, VISA, Electron VISA, Maestro, AMEX).<\/span><\/p>\n<p class=\"\" data-start=\"67\" data-end=\"123\"><span style=\"color: #000000;\">Apple Pay o Google Pay, direttamente dal tuo smartphone.<\/span><\/p>\n<\/div>\n<p>&nbsp;<\/p>\n<div style=\"background-color: #003877; border: 1px solid #ccc; padding: 4px; border-radius: 3px; color: #ffffff;\"><strong><span style=\"font-size: 18pt;\">Politica di cancellazione<\/span><\/strong><\/div>\n<p><span style=\"color: #000000;\">-Per le prenotazioni prepagate: le cancellazioni fino a 24 ore prima del ritiro sono rimborsabili al 100%.<\/span><\/p>\n<p><span style=\"color: #000000;\">-Per le prenotazioni con pagamento all&#8217;arrivo: ti preghiamo di informarci tempestivamente in caso di cancellazione.<\/span><\/p>\n<p><span style=\"color: #000000;\">Per qualsiasi cancellazione, puoi utilizzare l&#8217;opzione &#8220;<strong>Gestisci la tua prenotazione<\/strong>&#8221; situata nella pagina principale.<\/span><\/p>\n<div style=\"background-color: #003877; border: 1px solid #ccc; padding: 4px; border-radius: 3px; color: #ffffff;\"><span style=\"font-size: 18pt;\"><strong>Politica sul carburante<\/strong><\/span><\/div>\n<p><span style=\"color: #000000;\">Il locatario deve restituire l&#8217;auto con la stessa quantit\u00e0 di carburante che aveva al momento del ritiro. Se l&#8217;auto viene restituita con meno carburante rispetto all&#8217;originale (meno della quantit\u00e0 di carburante che il veicolo aveva al momento del ritiro da parte del cliente), al cliente verr\u00e0 addebitata la differenza di carburante in base al prezzo di mercato attuale. Non \u00e8 previsto alcun rimborso per il cliente nel caso in cui l&#8217;auto venga restituita con una quantit\u00e0 di carburante superiore a quella ritirata.<\/span><\/p>\n<p>&nbsp;<\/p>\n<div style=\"background-color: #31862d; border: 1px solid #ccc; padding: 4px; border-radius: 3px; color: #ffffff;\">\n<h4><span style=\"font-size: 18pt;\"><strong>Costi aggiuntivi<\/strong><\/span><\/h4>\n<\/div>\n<div style=\"background-color: #fafafa; border: 1px solid #ccc; padding: 4px; border-radius: 3px; color: #003877;\">\n<div id=\"BS918\" class=\"NonInclusive\">\n<p class=\"\" data-start=\"3\" data-end=\"141\"><span style=\"color: #000000;\">1.<strong>Seggiolino per bambini o rialzo<\/strong>: 6,2\u20ac al giorno, con un addebito massimo di 62 \u20ac (L&#8217;installazione \u00e8 responsabilit\u00e0 esclusiva del cliente)<\/span><\/p>\n<p class=\"\" data-start=\"146\" data-end=\"215\"><span style=\"color: #000000;\">2.<strong>Conducente aggiuntivo<\/strong>: 5 \u20ac al giorno, con un addebito massimo di 50 \u20ac<\/span><\/p>\n<p class=\"\" data-start=\"220\" data-end=\"300\"><span style=\"color: #000000;\">3.<strong>Tassa per il traghetto<\/strong> (Viaggio verso la Grecia continentale): 75 \u20ac per noleggio<\/span><\/p>\n<\/div>\n<\/div>\n<p>&nbsp;<\/p>\n<div style=\"background-color: #de0030; border: 1px solid #ccc; padding: 4px; border-radius: 3px; color: #ffffff;\">\n<h4><span style=\"font-size: 18pt;\">I noleggi transfrontalieri non sono consentiti (Albania)<\/span><\/h4>\n<\/div>\n<p>&nbsp;<\/p>\n<div style=\"background-color: #003877; border: 1px solid #ccc; padding: 4px; border-radius: 3px; color: #ffffff;\"><span style=\"font-size: 18pt;\"><strong>Aree disponibili per il ritiro e la restituzione<\/strong><\/span><\/div>\n<div>\n<div><\/div>\n<div>\n<p><span style=\"color: #000000;\">Possiamo consegnare e ritirare la tua auto in qualsiasi luogo di Corf\u00f9, in qualsiasi momento della giornata, per una tariffa aggiuntiva.<\/span><\/p>\n<p><span style=\"color: #000000;\">Per richiedere la consegna in una posizione specifica:<\/span><br \/>\n<span style=\"color: #000000;\">Sulla pagina di prenotazione, seleziona &#8220;Altro (Area specifica)&#8221; nell&#8217;opzione &#8220;Luogo di ritiro&#8221;.<\/span><br \/>\n<span style=\"color: #000000;\">Poi, nella sezione Note del modulo di prenotazione, fornisci i dettagli esatti della tua posizione preferita (ad esempio, nome dell&#8217;hotel o indirizzo specifico).<\/span><\/p>\n<p><span style=\"color: #000000;\">Offriamo anche servizi di ritiro e restituzione presso:<\/span><\/p>\n<\/div>\n<p>&nbsp;<\/p>\n<div>\n<h4 style=\"text-align: left;\"><strong><span style=\"color: #000000;\">\u00a0 \u00a0 New Port Corfu<\/span><\/strong><\/h4>\n<h4><span style=\"color: #000000;\">\u00a0 \u00a0 Green Bus Station (Corfu Town)<\/span><\/h4>\n<h4><span style=\"color: #000000;\">\u00a0 \u00a0 Corfu Town<\/span><\/h4>\n<h4><span style=\"color: #000000;\"><a style=\"color: #000000;\" href=\"https:\/\/maps.app.goo.gl\/s1JmqVNoNsgeQurR7\" target=\"_blank\" rel=\"noopener\">\u00a0 \u00a0 A2S Main Office (Riga Fereou 21)<\/a><\/span><\/h4>\n<h4><span style=\"color: #000000;\">\u00a0 \u00a0 Other (Specific Area)<\/span><\/h4>\n<p>&nbsp;<\/p>\n<\/div>\n<\/div>\n<div><\/div>\n<div><\/div>\n<div>\n<div>\n<div><span style=\"color: #000000;\">Per tutte le localit\u00e0, la tariffa di consegna verr\u00e0 calcolata e mostrata nel Riepilogo del pagamento al termine della tua prenotazione.<\/span><\/div>\n<div><\/div>\n<div><\/div>\n<div><\/div>\n<div><\/div>\n<\/div>\n<div style=\"background-color: #003877; border: 1px solid #ccc; padding: 4px; border-radius: 3px; color: #ffffff;\"><span style=\"font-size: 18pt;\"><strong>Navetta per il ritiro all&#8217;aeroporto<\/strong><\/span><\/div>\n<p><span style=\"color: #000000;\">Quando arrivi alla <strong>Porta A<\/strong> dell&#8217;aeroporto, la nostra navetta <strong>A2S Car Rental<\/strong>, con il <strong>numero 3 segnato sulla porta<\/strong>, sar\u00e0 l\u00ec per prestarti. La navetta ti porter\u00e0 al nostro ufficio, situato a soli 400 metri \u2013 un rapido viaggio di 3 minuti.<\/span><\/p>\n<p><img loading=\"lazy\" decoding=\"async\" class=\"wp-image-5099 aligncenter\" src=\"https:\/\/a2scars.rent\/wp-content\/uploads\/2025\/04\/A2S-Car-Rental-Corfu-Pick-up-Point-300x225.jpg\" alt=\"|\" width=\"556\" height=\"417\" title=\"\" srcset=\"https:\/\/a2scars.rent\/wp-content\/uploads\/2025\/04\/A2S-Car-Rental-Corfu-Pick-up-Point-300x225.jpg 300w, https:\/\/a2scars.rent\/wp-content\/uploads\/2025\/04\/A2S-Car-Rental-Corfu-Pick-up-Point-1024x768.jpg 1024w, https:\/\/a2scars.rent\/wp-content\/uploads\/2025\/04\/A2S-Car-Rental-Corfu-Pick-up-Point-768x576.jpg 768w, https:\/\/a2scars.rent\/wp-content\/uploads\/2025\/04\/A2S-Car-Rental-Corfu-Pick-up-Point-1536x1152.jpg 1536w, https:\/\/a2scars.rent\/wp-content\/uploads\/2025\/04\/A2S-Car-Rental-Corfu-Pick-up-Point-1200x900.jpg 1200w, https:\/\/a2scars.rent\/wp-content\/uploads\/2025\/04\/A2S-Car-Rental-Corfu-Pick-up-Point-1400x1050.jpg 1400w, https:\/\/a2scars.rent\/wp-content\/uploads\/2025\/04\/A2S-Car-Rental-Corfu-Pick-up-Point-600x450.jpg 600w, https:\/\/a2scars.rent\/wp-content\/uploads\/2025\/04\/A2S-Car-Rental-Corfu-Pick-up-Point-450x338.jpg 450w, https:\/\/a2scars.rent\/wp-content\/uploads\/2025\/04\/A2S-Car-Rental-Corfu-Pick-up-Point-200x150.jpg 200w, https:\/\/a2scars.rent\/wp-content\/uploads\/2025\/04\/A2S-Car-Rental-Corfu-Pick-up-Point.jpg 1920w\" sizes=\"auto, (max-width: 556px) 100vw, 556px\" \/><\/p>\n<\/div>\n<\/div>\n","protected":false},"excerpt":{"rendered":"<p>Polizza Assicurativa &#8211; Protezione &nbsp; Collision Damage Waiver (C.D.W.) \u2013 Riduce la responsabilit\u00e0 dell\u2019inquilino per i danni al veicolo fino all\u2019importo della franchigia, &nbsp; a) Per i modelli di auto Volkswagen Up, Fiat Panda, Smart For Two, Nissan Micra, Toyota Yaris, Hyundai i10, Fiat 500C,Kia Picanto,Peugeot 108, Hyundai i20\u00a0Addebito massimo \u20ac650 b) Per i modelli [&hellip;]<\/p>\n","protected":false},"author":9,"featured_media":0,"parent":0,"menu_order":105,"comment_status":"closed","ping_status":"closed","template":"template-terms.php","meta":{"_acf_changed":false,"om_disable_all_campaigns":false,"_monsterinsights_skip_tracking":false,"_monsterinsights_sitenote_active":false,"_monsterinsights_sitenote_note":"","_monsterinsights_sitenote_category":0,"_uf_show_specific_survey":0,"_uf_disable_surveys":false,"footnotes":""},"class_list":["post-5096","page","type-page","status-publish","hentry"],"acf":[],"_links":{"self":[{"href":"https:\/\/a2scars.rent\/it\/wp-json\/wp\/v2\/pages\/5096","targetHints":{"allow":["GET"]}}],"collection":[{"href":"https:\/\/a2scars.rent\/it\/wp-json\/wp\/v2\/pages"}],"about":[{"href":"https:\/\/a2scars.rent\/it\/wp-json\/wp\/v2\/types\/page"}],"author":[{"embeddable":true,"href":"https:\/\/a2scars.rent\/it\/wp-json\/wp\/v2\/users\/9"}],"replies":[{"embeddable":true,"href":"https:\/\/a2scars.rent\/it\/wp-json\/wp\/v2\/comments?post=5096"}],"version-history":[{"count":15,"href":"https:\/\/a2scars.rent\/it\/wp-json\/wp\/v2\/pages\/5096\/revisions"}],"predecessor-version":[{"id":5444,"href":"https:\/\/a2scars.rent\/it\/wp-json\/wp\/v2\/pages\/5096\/revisions\/5444"}],"wp:attachment":[{"href":"https:\/\/a2scars.rent\/it\/wp-json\/wp\/v2\/media?parent=5096"}],"curies":[{"name":"wp","href":"https:\/\/api.w.org\/{rel}","templated":true}]}}