{"id":2037,"date":"2022-11-21T13:46:36","date_gmt":"2022-11-21T10:46:36","guid":{"rendered":"https:\/\/a2scars.rent\/personal-driver\/"},"modified":"2025-03-05T02:23:07","modified_gmt":"2025-03-04T23:23:07","slug":"personal-driver","status":"publish","type":"page","link":"https:\/\/a2scars.rent\/it\/personal-driver\/","title":{"rendered":"Autista personale"},"content":{"rendered":"<h1 data-start=\"63\" data-end=\"114\"><strong data-start=\"63\" data-end=\"114\">Noleggio Auto Giornaliero con Autista Personale<\/strong><\/h1>\n<p data-start=\"116\" data-end=\"262\">La nostra azienda offre la possibilit\u00e0 di scegliere il tuo autista personale, permettendoti di visitare ogni angolo di Corf\u00f9 con calma e comodit\u00e0.<\/p>\n<p data-start=\"264\" data-end=\"350\">Puoi richiedere un Autista Personale quando prenoti un&#8217;auto con a2s nei seguenti casi:<\/p>\n<ul data-start=\"352\" data-end=\"737\">\n<li data-start=\"352\" data-end=\"387\">Non possiedi una patente di guida<\/li>\n<li data-start=\"388\" data-end=\"440\">Non ti senti sicuro a guidare in posti sconosciuti<\/li>\n<li data-start=\"441\" data-end=\"488\">Non ti piace guidare quando viaggi all&#8217;estero<\/li>\n<li data-start=\"489\" data-end=\"535\">Problemi di salute ti impediscono di guidare<\/li>\n<li data-start=\"536\" data-end=\"587\">Vorresti bere qualche alcolico durante le vacanze<\/li>\n<li data-start=\"588\" data-end=\"737\">L&#8217;unica cosa di cui hai bisogno \u00e8 un completo relax e una vacanza senza stress, senza dover guidare durante i caldi mesi estivi sull&#8217;isola di Corf\u00f9<\/li>\n<\/ul>\n","protected":false},"excerpt":{"rendered":"<p>Noleggio Auto Giornaliero con Autista Personale La nostra azienda offre la possibilit\u00e0 di scegliere il tuo autista personale, permettendoti di visitare ogni angolo di Corf\u00f9 con calma e comodit\u00e0. Puoi richiedere un Autista Personale quando prenoti un&#8217;auto con a2s nei seguenti casi: Non possiedi una patente di guida Non ti senti sicuro a guidare in [&hellip;]<\/p>\n","protected":false},"author":1,"featured_media":0,"parent":0,"menu_order":124,"comment_status":"closed","ping_status":"closed","template":"template-personal-driver.php","meta":{"_acf_changed":false,"om_disable_all_campaigns":false,"_monsterinsights_skip_tracking":false,"_monsterinsights_sitenote_active":false,"_monsterinsights_sitenote_note":"","_monsterinsights_sitenote_category":0,"_uf_show_specific_survey":0,"_uf_disable_surveys":false,"footnotes":""},"class_list":["post-2037","page","type-page","status-publish","hentry"],"acf":[],"_links":{"self":[{"href":"https:\/\/a2scars.rent\/it\/wp-json\/wp\/v2\/pages\/2037","targetHints":{"allow":["GET"]}}],"collection":[{"href":"https:\/\/a2scars.rent\/it\/wp-json\/wp\/v2\/pages"}],"about":[{"href":"https:\/\/a2scars.rent\/it\/wp-json\/wp\/v2\/types\/page"}],"author":[{"embeddable":true,"href":"https:\/\/a2scars.rent\/it\/wp-json\/wp\/v2\/users\/1"}],"replies":[{"embeddable":true,"href":"https:\/\/a2scars.rent\/it\/wp-json\/wp\/v2\/comments?post=2037"}],"version-history":[{"count":1,"href":"https:\/\/a2scars.rent\/it\/wp-json\/wp\/v2\/pages\/2037\/revisions"}],"predecessor-version":[{"id":3318,"href":"https:\/\/a2scars.rent\/it\/wp-json\/wp\/v2\/pages\/2037\/revisions\/3318"}],"wp:attachment":[{"href":"https:\/\/a2scars.rent\/it\/wp-json\/wp\/v2\/media?parent=2037"}],"curies":[{"name":"wp","href":"https:\/\/api.w.org\/{rel}","templated":true}]}}