{"id":2035,"date":"2022-11-21T13:46:36","date_gmt":"2022-11-21T10:46:36","guid":{"rendered":"https:\/\/a2scars.rent\/personal-driver\/"},"modified":"2025-03-05T01:56:17","modified_gmt":"2025-03-04T22:56:17","slug":"personal-driver","status":"publish","type":"page","link":"https:\/\/a2scars.rent\/fr\/personal-driver\/","title":{"rendered":"Chauffeur personnel"},"content":{"rendered":"<h1 data-start=\"0\" data-end=\"48\"><strong data-start=\"0\" data-end=\"48\">Location de voiture avec chauffeur personnel<\/strong><\/h1>\n<p data-start=\"50\" data-end=\"237\">Notre entreprise vous offre la possibilit\u00e9 de choisir votre chauffeur personnel, vous permettant ainsi de vous rendre partout autour de Corfou \u00e0 votre propre rythme et en toute commodit\u00e9.<\/p>\n<p data-start=\"239\" data-end=\"333\">Vous pouvez demander un chauffeur personnel lors de la r\u00e9servation d&rsquo;une voiture avec A2S si :<\/p>\n<ul data-start=\"335\" data-end=\"766\" data-is-last-node=\"\" data-is-only-node=\"\">\n<li data-start=\"335\" data-end=\"378\">Vous ne d\u00e9tenez pas de permis de conduire<\/li>\n<li data-start=\"379\" data-end=\"446\">Vous n&rsquo;\u00eates pas \u00e0 l&rsquo;aise pour conduire dans des endroits inconnus<\/li>\n<li data-start=\"447\" data-end=\"508\">Vous n&rsquo;aimez pas conduire lorsque vous voyagez \u00e0 l&rsquo;\u00e9tranger<\/li>\n<li data-start=\"509\" data-end=\"560\">Des probl\u00e8mes de sant\u00e9 vous emp\u00eachent de conduire<\/li>\n<li data-start=\"561\" data-end=\"616\">Vous souhaitez boire de l&rsquo;alcool pendant vos vacances<\/li>\n<li data-start=\"617\" data-end=\"766\" data-is-last-node=\"\">Vous avez simplement besoin de d\u00e9tente compl\u00e8te et de vacances sans stress, sans avoir \u00e0 conduire pendant les mois chauds d&rsquo;\u00e9t\u00e9 sur l&rsquo;\u00eele de Corfou<\/li>\n<\/ul>\n","protected":false},"excerpt":{"rendered":"<p>Location de voiture avec chauffeur personnel Notre entreprise vous offre la possibilit\u00e9 de choisir votre chauffeur personnel, vous permettant ainsi de vous rendre partout autour de Corfou \u00e0 votre propre rythme et en toute commodit\u00e9. Vous pouvez demander un chauffeur personnel lors de la r\u00e9servation d&rsquo;une voiture avec A2S si : Vous ne d\u00e9tenez pas [&hellip;]<\/p>\n","protected":false},"author":1,"featured_media":0,"parent":0,"menu_order":123,"comment_status":"closed","ping_status":"closed","template":"template-personal-driver.php","meta":{"_acf_changed":false,"om_disable_all_campaigns":false,"_monsterinsights_skip_tracking":false,"_monsterinsights_sitenote_active":false,"_monsterinsights_sitenote_note":"","_monsterinsights_sitenote_category":0,"_uf_show_specific_survey":0,"_uf_disable_surveys":false,"footnotes":""},"class_list":["post-2035","page","type-page","status-publish","hentry"],"acf":[],"_links":{"self":[{"href":"https:\/\/a2scars.rent\/fr\/wp-json\/wp\/v2\/pages\/2035","targetHints":{"allow":["GET"]}}],"collection":[{"href":"https:\/\/a2scars.rent\/fr\/wp-json\/wp\/v2\/pages"}],"about":[{"href":"https:\/\/a2scars.rent\/fr\/wp-json\/wp\/v2\/types\/page"}],"author":[{"embeddable":true,"href":"https:\/\/a2scars.rent\/fr\/wp-json\/wp\/v2\/users\/1"}],"replies":[{"embeddable":true,"href":"https:\/\/a2scars.rent\/fr\/wp-json\/wp\/v2\/comments?post=2035"}],"version-history":[{"count":2,"href":"https:\/\/a2scars.rent\/fr\/wp-json\/wp\/v2\/pages\/2035\/revisions"}],"predecessor-version":[{"id":3298,"href":"https:\/\/a2scars.rent\/fr\/wp-json\/wp\/v2\/pages\/2035\/revisions\/3298"}],"wp:attachment":[{"href":"https:\/\/a2scars.rent\/fr\/wp-json\/wp\/v2\/media?parent=2035"}],"curies":[{"name":"wp","href":"https:\/\/api.w.org\/{rel}","templated":true}]}}