{"id":1945,"date":"2022-12-01T17:11:26","date_gmt":"2022-12-01T14:11:26","guid":{"rendered":"https:\/\/a2scars.rent\/privacy-policy\/"},"modified":"2025-03-05T01:32:40","modified_gmt":"2025-03-04T22:32:40","slug":"politique-de-respect-de-la-vie-privee","status":"publish","type":"page","link":"https:\/\/a2scars.rent\/fr\/politique-de-respect-de-la-vie-privee\/","title":{"rendered":"Politique de respect de la vie priv\u00e9e"},"content":{"rendered":"\r\n<h2 class=\"wp-block-heading\" data-start=\"60\" data-end=\"79\"><strong data-start=\"60\" data-end=\"79\">Qui nous sommes<\/strong><\/h2>\r\n<p data-start=\"81\" data-end=\"173\">Notre adresse de site web est : <a href=\"https:\/\/a2scars.rent\" target=\"_new\" rel=\"noopener\" data-start=\"113\" data-end=\"173\">https:\/\/a2scars.rent<\/a><\/p>\r\n<h2 data-start=\"175\" data-end=\"191\"><strong data-start=\"175\" data-end=\"191\">Commentaires<\/strong><\/h2>\r\n<p data-start=\"193\" data-end=\"446\">Lorsque les visiteurs laissent des commentaires sur le site, nous collectons les donn\u00e9es affich\u00e9es dans le formulaire de commentaires, ainsi que l&rsquo;adresse IP du visiteur et la cha\u00eene d&rsquo;agent utilisateur du navigateur pour aider \u00e0 la d\u00e9tection des spams.<\/p>\r\n<p data-start=\"448\" data-end=\"867\">Une cha\u00eene anonymis\u00e9e cr\u00e9\u00e9e \u00e0 partir de votre adresse e-mail (\u00e9galement appel\u00e9e hash) peut \u00eatre fournie au service Gravatar pour v\u00e9rifier si vous l&rsquo;utilisez. La politique de confidentialit\u00e9 de Gravatar est disponible ici : <a href=\"https:\/\/automattic.com\/privacy\/\" target=\"_new\" rel=\"noopener\" data-start=\"671\" data-end=\"737\">https:\/\/automattic.com\/privacy\/<\/a>. Apr\u00e8s l&rsquo;approbation de votre commentaire, votre photo de profil sera visible publiquement dans le contexte de votre commentaire.<\/p>\r\n<h2 data-start=\"869\" data-end=\"879\"><strong data-start=\"869\" data-end=\"879\">M\u00e9dias<\/strong><\/h2>\r\n<p data-start=\"881\" data-end=\"1155\">Si vous t\u00e9l\u00e9chargez des images sur le site web, vous devez \u00e9viter de t\u00e9l\u00e9charger des images contenant des donn\u00e9es de localisation int\u00e9gr\u00e9es (EXIF GPS). Les visiteurs du site peuvent t\u00e9l\u00e9charger et extraire toutes les donn\u00e9es de localisation des images pr\u00e9sentes sur le site.<\/p>\r\n<h2 data-start=\"1157\" data-end=\"1168\"><strong data-start=\"1157\" data-end=\"1168\">Cookies<\/strong><\/h2>\r\n<p data-start=\"1170\" data-end=\"1463\">Si vous laissez un commentaire sur notre site, vous pouvez choisir d&rsquo;enregistrer votre nom, adresse e-mail et site web dans des cookies. Cela pour votre confort, afin que vous n&rsquo;ayez pas \u00e0 remplir \u00e0 nouveau vos coordonn\u00e9es lorsque vous laissez un autre commentaire. Ces cookies dureront un an.<\/p>\r\n<p data-start=\"1465\" data-end=\"1701\">Si vous visitez notre page de connexion, nous d\u00e9finirons un cookie temporaire pour d\u00e9terminer si votre navigateur accepte les cookies. Ce cookie ne contient aucune donn\u00e9e personnelle et est supprim\u00e9 lorsque vous fermez votre navigateur.<\/p>\r\n<p data-start=\"1703\" data-end=\"2145\">Lorsque vous vous connectez, nous configurerons \u00e9galement plusieurs cookies pour enregistrer vos informations de connexion et vos choix d&rsquo;affichage de l&rsquo;\u00e9cran. Les cookies de connexion durent deux jours et les cookies d&rsquo;options d&rsquo;affichage de l&rsquo;\u00e9cran durent un an. Si vous s\u00e9lectionnez \u00ab\u00a0Se souvenir de moi\u00a0\u00bb, votre connexion persistera pendant deux semaines. Si vous vous d\u00e9connectez de votre compte, les cookies de connexion seront supprim\u00e9s.<\/p>\r\n<p data-start=\"2147\" data-end=\"2395\">Si vous modifiez ou publiez un article, un cookie suppl\u00e9mentaire sera enregistr\u00e9 dans votre navigateur. Ce cookie ne contient aucune donn\u00e9e personnelle et indique simplement l&rsquo;ID du post de l&rsquo;article que vous venez d&rsquo;\u00e9diter. Il expire apr\u00e8s 1 jour.<\/p>\r\n<h2 data-start=\"2397\" data-end=\"2435\"><strong data-start=\"2397\" data-end=\"2435\">Contenu int\u00e9gr\u00e9 d&rsquo;autres sites web<\/strong><\/h2>\r\n<p data-start=\"2437\" data-end=\"2679\">Les articles de ce site peuvent inclure du contenu int\u00e9gr\u00e9 (par exemple, des vid\u00e9os, des images, des articles, etc.). Le contenu int\u00e9gr\u00e9 provenant d&rsquo;autres sites web se comporte de la m\u00eame mani\u00e8re que si le visiteur avait visit\u00e9 l&rsquo;autre site.<\/p>\r\n<p data-start=\"2681\" data-end=\"2968\">Ces sites peuvent collecter des donn\u00e9es \u00e0 votre sujet, utiliser des cookies, int\u00e9grer un suivi tiers suppl\u00e9mentaire et surveiller votre interaction avec ce contenu int\u00e9gr\u00e9, y compris le suivi de votre interaction avec le contenu int\u00e9gr\u00e9 si vous avez un compte et \u00eates connect\u00e9 \u00e0 ce site.<\/p>\r\n<h2 data-start=\"2970\" data-end=\"3010\"><strong data-start=\"2970\" data-end=\"3010\">Avec qui nous partageons vos donn\u00e9es<\/strong><\/h2>\r\n<p data-start=\"3012\" data-end=\"3131\">Si vous demandez une r\u00e9initialisation de mot de passe, votre adresse IP sera incluse dans l&rsquo;e-mail de r\u00e9initialisation.<\/p>\r\n<h2 data-start=\"3133\" data-end=\"3181\"><strong data-start=\"3133\" data-end=\"3181\">Combien de temps nous conservons vos donn\u00e9es<\/strong><\/h2>\r\n<p data-start=\"3183\" data-end=\"3426\">Si vous laissez un commentaire, le commentaire et ses m\u00e9tadonn\u00e9es sont conserv\u00e9s ind\u00e9finiment. Cela permet de reconna\u00eetre et d&rsquo;approuver automatiquement tout commentaire de suivi, au lieu de les conserver dans une file d&rsquo;attente de mod\u00e9ration.<\/p>\r\n<p data-start=\"3428\" data-end=\"3826\">Pour les utilisateurs qui s&rsquo;inscrivent sur notre site web (si applicable), nous stockons \u00e9galement les informations personnelles qu&rsquo;ils fournissent dans leur profil utilisateur. Tous les utilisateurs peuvent voir, \u00e9diter ou supprimer leurs informations personnelles \u00e0 tout moment (\u00e0 l&rsquo;exception du nom d&rsquo;utilisateur). Les administrateurs du site peuvent \u00e9galement voir et modifier ces informations.<\/p>\r\n<h2 data-start=\"3828\" data-end=\"3876\"><strong data-start=\"3828\" data-end=\"3876\">Quels sont vos droits concernant vos donn\u00e9es<\/strong><\/h2>\r\n<p data-start=\"3878\" data-end=\"4354\">Si vous avez un compte sur ce site, ou si vous avez laiss\u00e9 des commentaires, vous pouvez demander \u00e0 recevoir un fichier export\u00e9 des donn\u00e9es personnelles que nous d\u00e9tenons \u00e0 votre sujet, y compris les donn\u00e9es que vous nous avez fournies. Vous pouvez \u00e9galement demander que nous effacions toutes les donn\u00e9es personnelles que nous d\u00e9tenons \u00e0 votre sujet. Cela n&rsquo;inclut pas les donn\u00e9es que nous sommes oblig\u00e9s de conserver pour des raisons administratives, l\u00e9gales ou de s\u00e9curit\u00e9.<\/p>\r\n<h2 data-start=\"4356\" data-end=\"4388\"><strong data-start=\"4356\" data-end=\"4388\">O\u00f9 nous envoyons vos donn\u00e9es<\/strong><\/h2>\r\n<p data-start=\"4390\" data-end=\"4490\">Les commentaires des visiteurs peuvent \u00eatre v\u00e9rifi\u00e9s par un service de d\u00e9tection de spam automatis\u00e9.<\/p>\r\n","protected":false},"excerpt":{"rendered":"<p>Qui nous sommes Notre adresse de site web est : https:\/\/a2scars.rent Commentaires Lorsque les visiteurs laissent des commentaires sur le site, nous collectons les donn\u00e9es affich\u00e9es dans le formulaire de commentaires, ainsi que l&rsquo;adresse IP du visiteur et la cha\u00eene d&rsquo;agent utilisateur du navigateur pour aider \u00e0 la d\u00e9tection des spams. Une cha\u00eene anonymis\u00e9e cr\u00e9\u00e9e [&hellip;]<\/p>\n","protected":false},"author":1,"featured_media":0,"parent":0,"menu_order":65,"comment_status":"closed","ping_status":"closed","template":"template-terms.php","meta":{"_acf_changed":false,"om_disable_all_campaigns":false,"_monsterinsights_skip_tracking":false,"_monsterinsights_sitenote_active":false,"_monsterinsights_sitenote_note":"","_monsterinsights_sitenote_category":0,"_uf_show_specific_survey":0,"_uf_disable_surveys":false,"footnotes":""},"class_list":["post-1945","page","type-page","status-publish","hentry"],"acf":[],"_links":{"self":[{"href":"https:\/\/a2scars.rent\/fr\/wp-json\/wp\/v2\/pages\/1945","targetHints":{"allow":["GET"]}}],"collection":[{"href":"https:\/\/a2scars.rent\/fr\/wp-json\/wp\/v2\/pages"}],"about":[{"href":"https:\/\/a2scars.rent\/fr\/wp-json\/wp\/v2\/types\/page"}],"author":[{"embeddable":true,"href":"https:\/\/a2scars.rent\/fr\/wp-json\/wp\/v2\/users\/1"}],"replies":[{"embeddable":true,"href":"https:\/\/a2scars.rent\/fr\/wp-json\/wp\/v2\/comments?post=1945"}],"version-history":[{"count":4,"href":"https:\/\/a2scars.rent\/fr\/wp-json\/wp\/v2\/pages\/1945\/revisions"}],"predecessor-version":[{"id":3288,"href":"https:\/\/a2scars.rent\/fr\/wp-json\/wp\/v2\/pages\/1945\/revisions\/3288"}],"wp:attachment":[{"href":"https:\/\/a2scars.rent\/fr\/wp-json\/wp\/v2\/media?parent=1945"}],"curies":[{"name":"wp","href":"https:\/\/api.w.org\/{rel}","templated":true}]}}