{"id":5095,"date":"2025-04-15T02:20:53","date_gmt":"2025-04-14T23:20:53","guid":{"rendered":"https:\/\/a2scars.rent\/?page_id=5095"},"modified":"2025-12-11T15:06:15","modified_gmt":"2025-12-11T12:06:15","slug":"allgemeine-geschaftsbedingungen","status":"publish","type":"page","link":"https:\/\/a2scars.rent\/de\/allgemeine-geschaftsbedingungen\/","title":{"rendered":"Allgemeine Gesch\u00e4ftsbedingungen"},"content":{"rendered":"<h4 style=\"background-color: #003877; border: 1px solid #ccc; padding: 4px; border-radius: 3px; color: #ffffff;\"><span style=\"font-size: 18pt;\">Versicherungspolice \u2013 Schutz<\/span><\/h4>\n<p>&nbsp;<\/p>\n<p><strong><span style=\"text-decoration: underline; color: #000000;\">Haftungsbeschr\u00e4nkung bei Unfallsch\u00e4den (C.D.W.) \u2013 Reduziert die Haftung des Mieters f\u00fcr Sch\u00e4den am Fahrzeug bis zur H\u00f6he des Selbstbehalts,<\/span><\/strong><\/p>\n<p>&nbsp;<\/p>\n<hr \/>\n<p><span style=\"color: #000000;\">a) F\u00fcr die Fahrzeugmodelle <strong>Volkswagen Up, Fiat Panda, Smart For Two, Nissan Micra, Toyota Yaris, Hyundai i10, Fiat 500C,Kia Picanto,Peugeot 108, Hyundai i20<\/strong><\/span> <span style=\"color: #008000;\"><strong>betr\u00e4gt die<\/strong><\/span> <span style=\"color: #008000;\"><strong>maximale Selbstbeteiligung \u20ac650<\/strong><\/span><\/p>\n<p><span style=\"color: #000000;\">b)\u00a0F\u00fcr die Fahrzeugmodelle <strong>Skoda Fabia, Ford Focus, Kia Stonic, Fiat Tipo Limousine, Fiat Tipo Kombi,Dacia Sandero Stepway<\/strong> <span style=\"color: #008000;\"><strong>betr\u00e4gt die maximale Selbstbeteiligung \u20ac790<\/strong><\/span><\/span><\/p>\n<p><span style=\"color: #000000;\">c)\u00a0F\u00fcr die Fahrzeugmodelle <strong>Volkswagen T-Cross, Fiat Doblo, Ford Transit<\/strong> <span style=\"color: #008000;\"><strong>betr\u00e4gt die maximale Selbstbeteiligung \u20ac1200<\/strong><\/span><\/span><\/p>\n<p><span style=\"color: #000000;\">d)\u00a0F\u00fcr das Fahrzeugmodell <strong>BMW X1<\/strong> <strong><span style=\"color: #008000;\">betr\u00e4gt die maximale Selbstbeteiligung \u20ac2500.<\/span><\/strong><\/span><\/p>\n<p>&nbsp;<\/p>\n<p><span style=\"color: #000000;\"><span id=\"result_box\" class=\"\" lang=\"en\" tabindex=\"-1\">Der Selbstbehalt wird f\u00fcr die Mietdauer mit einer Debit- oder Kreditkarte reserviert, die auf den Namen des Fahrers ausgestellt sein muss, und wird <strong>30 Tage nach Beginn<\/strong>\u00a0der Mietperiode freigegeben, sofern kein Schaden entstanden ist. Die Basisversicherung deckt keine Sch\u00e4den am Unterboden des Fahrzeugs, an den Reifen und an Glassch\u00e4den ab.<\/span><\/span><\/p>\n<p>&nbsp;<\/p>\n<div style=\"background-color: #003877; border: 1px solid #ccc; padding: 4px; border-radius: 3px; color: #ffffff;\">\n<h4><span style=\"font-size: 18pt; color: #ffcc00;\">Optionale Versicherungen<\/span><\/h4>\n<\/div>\n<p>&nbsp;<\/p>\n<h4 style=\"background-color: #003877; border: 1px solid #ccc; padding: 4px; border-radius: 3px; color: #ffffff;\"><span style=\"font-size: 18pt;\">Super Coverage (Selbstbeteiligung und Kaution reduzieren)<\/span><\/h4>\n<p><img loading=\"lazy\" decoding=\"async\" class=\"alignnone wp-image-4640\" src=\"https:\/\/a2scars.rent\/wp-content\/uploads\/2025\/03\/scdw-german-300x201.png\" alt=\"|\" width=\"585\" height=\"392\" title=\"\" srcset=\"https:\/\/a2scars.rent\/wp-content\/uploads\/2025\/03\/scdw-german-300x201.png 300w, https:\/\/a2scars.rent\/wp-content\/uploads\/2025\/03\/scdw-german-1024x685.png 1024w, https:\/\/a2scars.rent\/wp-content\/uploads\/2025\/03\/scdw-german-768x513.png 768w, https:\/\/a2scars.rent\/wp-content\/uploads\/2025\/03\/scdw-german-1200x802.png 1200w, https:\/\/a2scars.rent\/wp-content\/uploads\/2025\/03\/scdw-german-600x401.png 600w, https:\/\/a2scars.rent\/wp-content\/uploads\/2025\/03\/scdw-german-450x301.png 450w, https:\/\/a2scars.rent\/wp-content\/uploads\/2025\/03\/scdw-german-200x134.png 200w, https:\/\/a2scars.rent\/wp-content\/uploads\/2025\/03\/scdw-german.png 1376w\" sizes=\"auto, (max-width: 585px) 100vw, 585px\" \/><\/p>\n<h4 style=\"background-color: #003877; border: 1px solid #ccc; padding: 4px; border-radius: 3px; color: #ffffff;\"><span style=\"font-size: 18pt;\">Premium Coverage (Vollst\u00e4ndige Karosserie &#8211; Keine Kaution)<\/span><\/h4>\n<p><img loading=\"lazy\" decoding=\"async\" class=\"alignnone wp-image-4645\" src=\"https:\/\/a2scars.rent\/wp-content\/uploads\/2025\/03\/fdw-german-300x201.png\" alt=\"|\" width=\"590\" height=\"395\" title=\"\" srcset=\"https:\/\/a2scars.rent\/wp-content\/uploads\/2025\/03\/fdw-german-300x201.png 300w, https:\/\/a2scars.rent\/wp-content\/uploads\/2025\/03\/fdw-german-1024x685.png 1024w, https:\/\/a2scars.rent\/wp-content\/uploads\/2025\/03\/fdw-german-768x513.png 768w, https:\/\/a2scars.rent\/wp-content\/uploads\/2025\/03\/fdw-german-1200x802.png 1200w, https:\/\/a2scars.rent\/wp-content\/uploads\/2025\/03\/fdw-german-600x401.png 600w, https:\/\/a2scars.rent\/wp-content\/uploads\/2025\/03\/fdw-german-450x301.png 450w, https:\/\/a2scars.rent\/wp-content\/uploads\/2025\/03\/fdw-german-200x134.png 200w, https:\/\/a2scars.rent\/wp-content\/uploads\/2025\/03\/fdw-german.png 1376w\" sizes=\"auto, (max-width: 590px) 100vw, 590px\" \/><\/p>\n<p><span style=\"color: #000000;\">Mit diesem Paket wird<\/span> <span style=\"color: #008000;\"><strong>keine Debit-\/Kreditkarte ben\u00f6tigt. Es ist keine Vorautorisierung eines Betrags als Kaution erforderlich.<\/strong><\/span><\/p>\n<p><span style=\"color: #000000;\">Die optionale Versicherung deckt keine Sch\u00e4den an der Unterseite des Fahrzeugs, den Reifen, den Spiegeln und den Scheiben ab.<\/span><\/p>\n<p>&nbsp;<\/p>\n<div style=\"background-color: #003877; border: 1px solid #ccc; padding: 4px; border-radius: 3px; color: #ffffff;\"><span style=\"font-size: 24px;\"><b>Gold Coverage (All-Inclusive &#8211; Keine Kaution)<\/b><\/span><\/div>\n<div><\/div>\n<div><img loading=\"lazy\" decoding=\"async\" class=\"alignnone wp-image-4650\" src=\"https:\/\/a2scars.rent\/wp-content\/uploads\/2025\/03\/fdw-wug-german-300x201.png\" alt=\"|\" width=\"580\" height=\"389\" title=\"\" srcset=\"https:\/\/a2scars.rent\/wp-content\/uploads\/2025\/03\/fdw-wug-german-300x201.png 300w, https:\/\/a2scars.rent\/wp-content\/uploads\/2025\/03\/fdw-wug-german-1024x685.png 1024w, https:\/\/a2scars.rent\/wp-content\/uploads\/2025\/03\/fdw-wug-german-1200x802.png 1200w, https:\/\/a2scars.rent\/wp-content\/uploads\/2025\/03\/fdw-wug-german-600x401.png 600w, https:\/\/a2scars.rent\/wp-content\/uploads\/2025\/03\/fdw-wug-german-450x301.png 450w, https:\/\/a2scars.rent\/wp-content\/uploads\/2025\/03\/fdw-wug-german-200x134.png 200w, https:\/\/a2scars.rent\/wp-content\/uploads\/2025\/03\/fdw-wug-german.png 1376w\" sizes=\"auto, (max-width: 580px) 100vw, 580px\" \/><\/div>\n<div><\/div>\n<div><span style=\"color: #000000;\">Mit diesem Paket wird<\/span> <span style=\"color: #008000;\"><strong>keine Debit-\/Kreditkarte ben\u00f6tigt. Es ist keine Vorautorisierung eines Betrags als Kaution erforderlich.<\/strong><\/span><\/div>\n<div><\/div>\n<div><\/div>\n<div><\/div>\n<p>&nbsp;<\/p>\n<div><\/div>\n<div><\/div>\n<h4 style=\"background-color: #31862d; border: 1px solid #ccc; padding: 4px; border-radius: 3px; color: #ffffff;\"><strong><span style=\"font-size: 18pt;\">In jeder Miete enthalten<\/span><\/strong><\/h4>\n<div style=\"background-color: #fafafa; border: 1px solid #ccc; padding: 4px; border-radius: 3px; color: #003877;\">\n<p class=\"\" data-start=\"43\" data-end=\"80\"><span style=\"color: #000000;\"><strong data-start=\"43\" data-end=\"80\">Collision Damage Waiver (C.D.W.)<\/strong><\/span><\/p>\n<p class=\"\" data-start=\"82\" data-end=\"319\"><span style=\"color: #000000;\">Bereits im Gesamtpreis enthalten, bietet es eine Deckung f\u00fcr die zivilrechtliche Haftung des Fahrers\/der Fahrer f\u00fcr Personen- und Sachsch\u00e4den an Dritten, die durch die Nutzung des Fahrzeugs entstehen, mit einem festgelegten Selbstbehalt.<\/span><\/p>\n<p class=\"\" data-start=\"321\" data-end=\"346\"><span style=\"color: #000000;\"><strong data-start=\"321\" data-end=\"346\">Unbegrenzte Kilometer<\/strong><\/span><\/p>\n<p class=\"\" data-start=\"348\" data-end=\"520\"><span style=\"color: #000000;\">Erkunden Sie alle sch\u00f6nen Sehensw\u00fcrdigkeiten von Korfu, ohne sich um Kilometerbegrenzungen sorgen zu m\u00fcssen \u2013 unbegrenzte Kilometer sind immer in unseren Preisen enthalten.<\/span><\/p>\n<p class=\"\" data-start=\"522\" data-end=\"537\"><span style=\"color: #000000;\"><strong data-start=\"522\" data-end=\"537\">Pannenhilfe<\/strong><\/span><\/p>\n<p class=\"\" data-start=\"539\" data-end=\"640\"><span style=\"color: #000000;\">Unser Pannenhilfeservice steht Ihnen rund um die Uhr zur Verf\u00fcgung und wird kostenlos bereitgestellt.<\/span><\/p>\n<p class=\"\" data-start=\"642\" data-end=\"681\"><span style=\"color: #000000;\"><strong data-start=\"642\" data-end=\"681\">Personenunfallversicherung (P.A.I.)<\/strong><\/span><\/p>\n<p class=\"\" data-start=\"683\" data-end=\"820\"><span style=\"color: #000000;\">Die Personenunfallversicherung deckt Krankenhausbehandlungskosten und allgemeine medizinische Kosten nur f\u00fcr den Fahrer des Fahrzeugs ab.<\/span><\/p>\n<p class=\"\" data-start=\"822\" data-end=\"858\"><span style=\"color: #000000;\"><strong data-start=\"822\" data-end=\"858\">Haftpflichtversicherung (T.P.I.)<\/strong><\/span><\/p>\n<p class=\"\" data-start=\"860\" data-end=\"985\"><span style=\"color: #000000;\">Sie sind im Falle von Verletzungen oder Zerst\u00f6rung von Eigentum Dritter \u00fcber den Mieter und die Passagiere hinaus versichert.<\/span><\/p>\n<p class=\"\" data-start=\"987\" data-end=\"1013\"><span style=\"color: #000000;\"><strong data-start=\"987\" data-end=\"1013\">Diebstahlschutz (T.P.)<\/strong><\/span><\/p>\n<p class=\"\" data-start=\"1015\" data-end=\"1350\"><span style=\"color: #000000;\">Sie sind vollst\u00e4ndig von der finanziellen Verantwortung im Falle des Diebstahls des Fahrzeugs befreit, vorausgesetzt, Sie haben die Autoschl\u00fcssel in Ihrem Besitz. Wenn die Schl\u00fcssel w\u00e4hrend des Diebstahls im Fahrzeug zur\u00fcckgelassen werden, gilt dieser Schutz nicht. Bitte beachten Sie: Pers\u00f6nliche Gegenst\u00e4nde sind nicht versichert.<\/span><\/p>\n<\/div>\n<p>&nbsp;<\/p>\n<div style=\"background-color: #de0030; border: 1px solid #ccc; padding: 4px; border-radius: 3px; color: #ffffff;\">\n<h4><span style=\"font-size: 18pt;\">Keine Versicherungsdeckung (CDW, Super Coverage, Premium Coverage, Gold Coverage)<\/span><\/h4>\n<\/div>\n<div style=\"background-color: #fafafa; border: 1px solid #ccc; padding: 4px; border-radius: 3px; color: #003877;\">\n<p class=\"\" data-start=\"114\" data-end=\"496\"><span style=\"color: #000000;\">Nach einem Unfall, wenn der Fahrer nicht anh\u00e4lt und die erforderlichen Ma\u00dfnahmen nicht ergreift, wie zum Beispiel die Benachrichtigung unserer Firma, der Verkehrspolizei (100), das Sammeln von Namen und Adressen der am Unfall beteiligten Personen und das Nichtbewegen des Fahrzeugs vom Unfallort, bevor ein Vertreter der Versicherungsgesellschaft oder die Verkehrspolizei eintrifft.<\/span><\/p>\n<p data-start=\"65\" data-end=\"181\"><span style=\"color: #000000;\"><strong data-start=\"65\" data-end=\"181\">Der Mieter \u00fcbernimmt die volle Verantwortung in den folgenden F\u00e4llen, in denen kein Versicherungsschutz besteht:<\/strong><\/span><\/p>\n<p data-start=\"185\" data-end=\"270\"><strong><span style=\"color: #ff0000;\">Sch\u00e4den am Innen- oder Au\u00dfenbereich des Fahrzeugs ohne offiziell gemeldeten Unfall.<\/span><\/strong><\/p>\n<p data-start=\"273\" data-end=\"402\"><strong><span style=\"color: #ff0000;\">Sch\u00e4den am Unterboden des Fahrzeugs, die durch das Fahren auf unbefestigten oder nicht asphaltierten Stra\u00dfen verursacht wurden.<\/span><\/strong><\/p>\n<p data-start=\"405\" data-end=\"454\"><strong><span style=\"color: #ff0000;\">Durch unsachgem\u00e4\u00dfe Nutzung verbrannte Kupplung.<\/span><\/strong><\/p>\n<p data-start=\"457\" data-end=\"575\"><strong><span style=\"color: #ff0000;\">Motorsch\u00e4den aufgrund von Fahrl\u00e4ssigkeit oder durch einen besch\u00e4digten \u00d6lwannendeckel au\u00dferhalb befestigter Stra\u00dfen.<\/span><\/strong><\/p>\n<p data-start=\"578\" data-end=\"674\"><strong><span style=\"color: #ff0000;\">Wenn das Fahrzeug feststeckt oder sich an Orten wie Strand, Gebirge usw. l\u00f6st oder verschiebt.<\/span><\/strong><\/p>\n<p data-start=\"677\" data-end=\"788\"><strong><span style=\"color: #ff0000;\">Wenn das Fahrzeug von einer nicht autorisierten oder im Mietvertrag nicht eingetragenen Person gefahren wird.<\/span><\/strong><\/p>\n<p data-start=\"791\" data-end=\"929\"><strong><span style=\"color: #ff0000;\">Unfall oder Schaden unter Einfluss von Alkohol, Drogen, vors\u00e4tzlichem Verhalten, r\u00fccksichtsloser Fahrweise oder Fahren abseits der Stra\u00dfe.<\/span><\/strong><\/p>\n<p data-start=\"931\" data-end=\"1164\"><span style=\"color: #000000;\">In all diesen F\u00e4llen haftet der Mieter vollst\u00e4ndig f\u00fcr alle entstehenden Kosten oder Sch\u00e4den.<\/span><br data-start=\"1024\" data-end=\"1027\" \/><span style=\"color: #000000;\">Nicht gemeldete Unf\u00e4lle oder Sch\u00e4den k\u00f6nnen als Fahrl\u00e4ssigkeit gewertet werden. In solchen F\u00e4llen entf\u00e4llt jeglicher Versicherungsschutz.<\/span><\/p>\n<\/div>\n<p>&nbsp;<\/p>\n<div class=\"info-box\">\n<div style=\"background-color: #003877; border: 1px solid #ccc; padding: 4px; border-radius: 3px; color: #ffffff;\">\n<h4 class=\"p1\"><span style=\"font-size: 18pt;\">F\u00fchrerscheinanforderungen<\/span><\/h4>\n<\/div>\n<div style=\"background-color: #fafafa; border: 1px solid #ccc; padding: 4px; border-radius: 3px; color: #003877;\">\n<p class=\"\" data-start=\"43\" data-end=\"90\"><span style=\"color: #000000;\">Wir akzeptieren alle g\u00fcltigen F\u00fchrerscheine!<\/span><\/p>\n<p class=\"\" data-start=\"92\" data-end=\"107\"><span style=\"color: #000000;\">Einschlie\u00dflich:<\/span><\/p>\n<p class=\"\" data-start=\"111\" data-end=\"162\"><span style=\"color: #000000;\">\u00a0 \u00a0 \u00a0&#8211; F\u00fchrerscheine, die in jedem Land ausgestellt wurden<\/span><\/p>\n<p class=\"\" data-start=\"165\" data-end=\"227\"><span style=\"color: #000000;\">\u00a0 \u00a0 \u00a0&#8211; F\u00fchrerscheine, die seit 3 Jahren und l\u00e4nger ausgestellt wurden<\/span><\/p>\n<p class=\"\" data-start=\"229\" data-end=\"255\"><strong><span style=\"color: #000000;\">Was Sie mitbringen m\u00fcssen:<\/span><\/strong><\/p>\n<p class=\"\" data-start=\"257\" data-end=\"412\"><span style=\"color: #000000;\">Ihre <strong>physische F\u00fchrerscheinkarte<\/strong> <span style=\"text-decoration: underline;\"><span style=\"color: #ff0000; text-decoration: underline;\">(keine digitale Kopie)<\/span><\/span>, zusammen mit einem g\u00fcltigen Ausweis oder Reisepass. <strong>Keine zus\u00e4tzlichen Unterlagen erforderlich!<\/strong><\/span><\/p>\n<\/div>\n<\/div>\n<div><\/div>\n<div class=\"info-box\">\n<div style=\"background-color: #003877; border: 1px solid #ccc; padding: 4px; border-radius: 3px; color: #ffffff;\"><strong><span style=\"font-size: 18pt;\">Reservierungen<\/span><\/strong><\/div>\n<p><span style=\"color: #000000;\">Die genannten Fahrzeugtypen sind nur indikativ. Reservierungen werden auf Basis der Fahrzeugkategorie-Gruppe vorgenommen, nicht f\u00fcr ein bestimmtes Modell. Im Falle der Nichtverf\u00fcgbarkeit eines Fahrzeugs in der vom Kunden vorab ausgew\u00e4hlten Kategorie, immer unter Bezugnahme auf eine best\u00e4tigte Reservierung, beh\u00e4lt sich A2S CAR RENTAL das Recht vor, dem Kunden ein Fahrzeug aus einer h\u00f6heren Kategorie-Gruppe ohne Aufpreis zur Verf\u00fcgung zu stellen.<\/span><\/p>\n<div style=\"background-color: #003877; border: 1px solid #ccc; padding: 4px; border-radius: 3px; color: #ffffff;\"><strong><span style=\"font-size: 18pt;\">Nachtlieferung<\/span><\/strong><\/div>\n<p><span style=\"color: #000000;\">Eine Geb\u00fchr von 50 \u20ac wird f\u00fcr jede Abholung oder R\u00fcckgabe erhoben, die zwischen 22:00 und 08:00 Uhr (au\u00dferhalb der Arbeitszeiten) geplant ist.<\/span><\/p>\n<div style=\"background-color: #003877; border: 1px solid #ccc; padding: 4px; border-radius: 3px; color: #ffffff;\"><strong><span style=\"font-size: 18pt;\">Mindest-\/H\u00f6chstalteranforderungen und Geb\u00fchren<\/span><\/strong><\/div>\n<p class=\"\" data-start=\"43\" data-end=\"207\"><span style=\"color: #000000;\">Der Fahrer muss mindestens 21 Jahre alt und maximal 75 Jahre alt sein, mit einem F\u00fchrerschein, der seit mindestens 3 Jahren g\u00fcltig ist, f\u00fcr alle Fahrzeuggruppen.<\/span><\/p>\n<p class=\"\" data-start=\"211\" data-end=\"333\"><span style=\"color: #000000;\">\u00a0 \u00a0 \u00a0&#8211; Die Geb\u00fchr f\u00fcr junge Fahrer betr\u00e4gt 7 \u20ac pro Tag f\u00fcr Fahrer im Alter von 21 bis 25 Jahren, mit einer H\u00f6chstgeb\u00fchr von 70 \u20ac.<\/span><\/p>\n<p class=\"\" data-start=\"339\" data-end=\"465\"><span style=\"color: #000000;\">\u00a0 \u00a0 \u00a0&#8211; Die Geb\u00fchr f\u00fcr \u00e4ltere Fahrer betr\u00e4gt 7 \u20ac pro Tag f\u00fcr Fahrer im Alter von 71 bis 75 Jahren, mit einer H\u00f6chstgeb\u00fchr von 70 \u20ac.<\/span><\/p>\n<p>&nbsp;<\/p>\n<div style=\"background-color: #31862d; border: 1px solid #ccc; padding: 4px; border-radius: 3px; color: #ffffff;\">\n<h4><span style=\"font-size: 18pt;\">Zahlungsmethoden<\/span><\/h4>\n<\/div>\n<div style=\"background-color: #fafafa; border: 1px solid #ccc; padding: 4px; border-radius: 3px; color: #003877;\">\n<p class=\"\" data-start=\"43\" data-end=\"106\"><span style=\"color: #000000;\">Jede Karte (MasterCard, VISA, Electron VISA, Maestro, AMEX).<\/span><\/p>\n<p class=\"\" data-start=\"108\" data-end=\"166\"><span style=\"color: #000000;\">Apple Pay oder Google Pay, direkt von Ihrem Smartphone.<\/span><\/p>\n<\/div>\n<p>&nbsp;<\/p>\n<div style=\"background-color: #003877; border: 1px solid #ccc; padding: 4px; border-radius: 3px; color: #ffffff;\"><strong><span style=\"font-size: 18pt;\">Stornierungsbedingungen<\/span><\/strong><\/div>\n<p><span style=\"color: #000000;\">\u00a0 \u00a0 \u00a0 &#8211;\u00a0F\u00fcr Vorausbuchungen: Stornierungen bis 24 Stunden vor der Abholung sind zu 100 % erstattungsf\u00e4hig.<\/span><\/p>\n<p class=\"\" data-start=\"150\" data-end=\"255\"><span style=\"color: #000000;\">\u00a0 \u00a0 \u00a0&#8211; F\u00fcr Buchungen mit Zahlung bei Abholung: Bitte informieren Sie uns rechtzeitig im Falle einer Stornierung.<\/span><\/p>\n<p class=\"\" data-start=\"257\" data-end=\"350\"><span style=\"color: #000000;\">F\u00fcr jede Stornierung k\u00f6nnen Sie die Option \u201eBuchung verwalten\u201c auf der Homepage verwenden.<\/span><\/p>\n<div style=\"background-color: #003877; border: 1px solid #ccc; padding: 4px; border-radius: 3px; color: #ffffff;\"><strong><span style=\"font-size: 18pt;\">Kraftstoffpolitik<\/span><\/strong><\/div>\n<p><span style=\"color: #000000;\">Der Mieter muss das Auto mit der gleichen Kraftstoffmenge zur\u00fcckgeben, die es bei der Abholung hatte. Falls das Auto mit weniger Kraftstoff als urspr\u00fcnglich (weniger als die Menge an Kraftstoff, die das Fahrzeug bei der Abholung hatte) zur\u00fcckgegeben wird, wird dem Kunden der Differenzbetrag basierend auf dem aktuellen Marktpreis in Rechnung gestellt. Es wird keine R\u00fcckerstattung gew\u00e4hrt, falls das Auto mit einer h\u00f6heren Kraftstoffmenge als bei der Abholung zur\u00fcckgegeben wird.<\/span><\/p>\n<p>&nbsp;<\/p>\n<div style=\"background-color: #31862d; border: 1px solid #ccc; padding: 4px; border-radius: 3px; color: #ffffff;\">\n<h4><span style=\"font-size: 18pt;\"><strong>Zus\u00e4tzliche Geb\u00fchren<\/strong><\/span><\/h4>\n<\/div>\n<div style=\"background-color: #fafafa; border: 1px solid #ccc; padding: 4px; border-radius: 3px; color: #003877;\">\n<div id=\"BS918\" class=\"NonInclusive\">\n<p class=\"\" data-start=\"50\" data-end=\"215\"><span style=\"color: #000000;\">1.<strong data-start=\"50\" data-end=\"80\"> Babysitz oder Sitzerh\u00f6hung<\/strong> kostet zus\u00e4tzlich 6,2\u20ac pro Tag mit einer maximalen Geb\u00fchr von 62\u20ac (Die Installation liegt in der alleinigen Verantwortung des Kunden).<\/span><\/p>\n<p class=\"\" data-start=\"220\" data-end=\"308\"><span style=\"color: #000000;\">2.<strong data-start=\"220\" data-end=\"243\"> Zus\u00e4tzlicher Fahrer<\/strong> kostet zus\u00e4tzlich 5\u20ac pro Tag mit einer maximalen Geb\u00fchr von 50\u20ac.<\/span><\/p>\n<p class=\"\" data-start=\"313\" data-end=\"396\"><span style=\"color: #000000;\">3. <strong data-start=\"313\" data-end=\"362\">F\u00e4hrgeb\u00fchr <\/strong>(Reise zum Festland Griechenlands) kostet zus\u00e4tzlich 75\u20ac pro Miete<\/span><\/p>\n<\/div>\n<\/div>\n<p>&nbsp;<\/p>\n<div style=\"background-color: #de0030; border: 1px solid #ccc; padding: 4px; border-radius: 3px; color: #ffffff;\">\n<h4><span style=\"font-size: 18pt;\">Grenz\u00fcberschreitende Mietwagen sind nicht erlaubt (Albanien)<\/span><\/h4>\n<\/div>\n<p>&nbsp;<\/p>\n<div style=\"background-color: #003877; border: 1px solid #ccc; padding: 4px; border-radius: 3px; color: #ffffff;\"><span style=\"font-size: 18pt;\"><strong>Verf\u00fcgbare Abhol-\/R\u00fcckgabebereiche<\/strong><\/span><\/div>\n<div>\n<div><\/div>\n<div>\n<p class=\"\" data-start=\"47\" data-end=\"163\"><span style=\"color: #000000;\">Wir k\u00f6nnen Ihr Auto an jedem Ort auf Korfu zu jeder Tageszeit liefern und abholen, gegen eine zus\u00e4tzliche Geb\u00fchr.<\/span><\/p>\n<p class=\"\" data-start=\"165\" data-end=\"520\"><span style=\"color: #000000;\">Um die Lieferung an einen bestimmten Ort anzufordern:<\/span><\/p>\n<p class=\"\" data-start=\"165\" data-end=\"520\"><span style=\"color: #000000;\">W\u00e4hlen Sie auf der Buchungsseite unter der Option Abholort die Option &#8218;Andere (Spezifischer Bereich)&#8216; aus. Geben Sie dann im Notizfeld des Buchungsformulars die genauen Details Ihres bevorzugten Standorts an (z. B. Hotelname oder spezifische Adresse).<\/span><\/p>\n<p class=\"\" data-start=\"165\" data-end=\"520\"><span style=\"color: #000000;\">Wir bieten auch Abhol- und R\u00fcckgabedienste an:<\/span><\/p>\n<\/div>\n<p>&nbsp;<\/p>\n<div>\n<h4 style=\"text-align: left;\"><strong><span style=\"color: #000000;\">\u00a0 \u00a0\u00a0Neuer Hafen Korfu<\/span><\/strong><\/h4>\n<h4><span style=\"color: #000000;\">\u00a0 \u00a0\u00a0Gr\u00fcne Busstation (Korfu Stadt)<\/span><\/h4>\n<h4><span style=\"color: #000000;\">\u00a0 \u00a0 Corfu Town<\/span><\/h4>\n<h4><span style=\"color: #000000;\"><a style=\"color: #000000;\" href=\"https:\/\/maps.app.goo.gl\/s1JmqVNoNsgeQurR7\" target=\"_blank\" rel=\"noopener\">\u00a0 \u00a0\u00a0Hauptb\u00fcro von A2S (Riga Fereou 21)<\/a><\/span><\/h4>\n<h4><span style=\"color: #000000;\">\u00a0 \u00a0 Other (Specific Area)<\/span><\/h4>\n<p>&nbsp;<\/p>\n<\/div>\n<\/div>\n<div><\/div>\n<div><\/div>\n<div>\n<div>\n<div><span style=\"color: #000000;\">F\u00fcr alle Standorte wird die Liefergeb\u00fchr am Ende Ihrer Buchung im Zahlungs\u00fcberblick berechnet und angezeigt.<\/span><\/div>\n<div><\/div>\n<div><\/div>\n<div><\/div>\n<div><\/div>\n<\/div>\n<h4 style=\"background-color: #003877; border: 1px solid #ccc; padding: 4px; border-radius: 3px; color: #ffffff;\"><span style=\"font-size: 18pt;\"><strong>Shuttlebus f\u00fcr die Abholung am Flughafen<\/strong><\/span><\/h4>\n<p><span style=\"color: #000000;\">Wenn Sie am Flughafen am<\/span> <strong>Gate A<\/strong> <span style=\"color: #000000;\">ankommen, wird unser Shuttlebus von<\/span> <strong>A2S Car Rental<\/strong>, <span style=\"color: #000000;\">mit der<\/span> <strong>Nummer 3 an der T\u00fcr<\/strong>, <span style=\"color: #000000;\">Sie abholen.<\/span> <span style=\"color: #000000;\">Der Shuttle bringt Sie zu unserem B\u00fcro, das nur 400 Meter entfernt liegt \u2013 eine kurze Fahrt von 3 Minuten.<\/span><\/p>\n<p><img loading=\"lazy\" decoding=\"async\" class=\"wp-image-5099 aligncenter\" src=\"https:\/\/a2scars.rent\/wp-content\/uploads\/2025\/04\/A2S-Car-Rental-Corfu-Pick-up-Point-300x225.jpg\" alt=\"|\" width=\"556\" height=\"417\" title=\"\" srcset=\"https:\/\/a2scars.rent\/wp-content\/uploads\/2025\/04\/A2S-Car-Rental-Corfu-Pick-up-Point-300x225.jpg 300w, https:\/\/a2scars.rent\/wp-content\/uploads\/2025\/04\/A2S-Car-Rental-Corfu-Pick-up-Point-1024x768.jpg 1024w, https:\/\/a2scars.rent\/wp-content\/uploads\/2025\/04\/A2S-Car-Rental-Corfu-Pick-up-Point-768x576.jpg 768w, https:\/\/a2scars.rent\/wp-content\/uploads\/2025\/04\/A2S-Car-Rental-Corfu-Pick-up-Point-1536x1152.jpg 1536w, https:\/\/a2scars.rent\/wp-content\/uploads\/2025\/04\/A2S-Car-Rental-Corfu-Pick-up-Point-1200x900.jpg 1200w, https:\/\/a2scars.rent\/wp-content\/uploads\/2025\/04\/A2S-Car-Rental-Corfu-Pick-up-Point-1400x1050.jpg 1400w, https:\/\/a2scars.rent\/wp-content\/uploads\/2025\/04\/A2S-Car-Rental-Corfu-Pick-up-Point-600x450.jpg 600w, https:\/\/a2scars.rent\/wp-content\/uploads\/2025\/04\/A2S-Car-Rental-Corfu-Pick-up-Point-450x338.jpg 450w, https:\/\/a2scars.rent\/wp-content\/uploads\/2025\/04\/A2S-Car-Rental-Corfu-Pick-up-Point-200x150.jpg 200w, https:\/\/a2scars.rent\/wp-content\/uploads\/2025\/04\/A2S-Car-Rental-Corfu-Pick-up-Point.jpg 1920w\" sizes=\"auto, (max-width: 556px) 100vw, 556px\" \/><\/p>\n<\/div>\n<\/div>\n","protected":false},"excerpt":{"rendered":"<p>Versicherungspolice \u2013 Schutz &nbsp; Haftungsbeschr\u00e4nkung bei Unfallsch\u00e4den (C.D.W.) \u2013 Reduziert die Haftung des Mieters f\u00fcr Sch\u00e4den am Fahrzeug bis zur H\u00f6he des Selbstbehalts, &nbsp; a) F\u00fcr die Fahrzeugmodelle Volkswagen Up, Fiat Panda, Smart For Two, Nissan Micra, Toyota Yaris, Hyundai i10, Fiat 500C,Kia Picanto,Peugeot 108, Hyundai i20 betr\u00e4gt die maximale Selbstbeteiligung \u20ac650 b)\u00a0F\u00fcr die Fahrzeugmodelle [&hellip;]<\/p>\n","protected":false},"author":9,"featured_media":0,"parent":0,"menu_order":105,"comment_status":"closed","ping_status":"closed","template":"template-terms.php","meta":{"_acf_changed":false,"om_disable_all_campaigns":false,"_monsterinsights_skip_tracking":false,"_monsterinsights_sitenote_active":false,"_monsterinsights_sitenote_note":"","_monsterinsights_sitenote_category":0,"_uf_show_specific_survey":0,"_uf_disable_surveys":false,"footnotes":""},"class_list":["post-5095","page","type-page","status-publish","hentry"],"acf":[],"_links":{"self":[{"href":"https:\/\/a2scars.rent\/de\/wp-json\/wp\/v2\/pages\/5095","targetHints":{"allow":["GET"]}}],"collection":[{"href":"https:\/\/a2scars.rent\/de\/wp-json\/wp\/v2\/pages"}],"about":[{"href":"https:\/\/a2scars.rent\/de\/wp-json\/wp\/v2\/types\/page"}],"author":[{"embeddable":true,"href":"https:\/\/a2scars.rent\/de\/wp-json\/wp\/v2\/users\/9"}],"replies":[{"embeddable":true,"href":"https:\/\/a2scars.rent\/de\/wp-json\/wp\/v2\/comments?post=5095"}],"version-history":[{"count":17,"href":"https:\/\/a2scars.rent\/de\/wp-json\/wp\/v2\/pages\/5095\/revisions"}],"predecessor-version":[{"id":5443,"href":"https:\/\/a2scars.rent\/de\/wp-json\/wp\/v2\/pages\/5095\/revisions\/5443"}],"wp:attachment":[{"href":"https:\/\/a2scars.rent\/de\/wp-json\/wp\/v2\/media?parent=5095"}],"curies":[{"name":"wp","href":"https:\/\/api.w.org\/{rel}","templated":true}]}}