{"id":2036,"date":"2022-11-21T13:46:36","date_gmt":"2022-11-21T10:46:36","guid":{"rendered":"https:\/\/a2scars.rent\/personal-driver\/"},"modified":"2025-03-05T01:59:07","modified_gmt":"2025-03-04T22:59:07","slug":"personal-driver","status":"publish","type":"page","link":"https:\/\/a2scars.rent\/de\/personal-driver\/","title":{"rendered":"Pers\u00f6nlicher Fahrer"},"content":{"rendered":"<h1 data-start=\"0\" data-end=\"47\">T\u00e4gliche Autovermietung mit pers\u00f6nlichem Fahrer<\/h1>\n<p data-start=\"49\" data-end=\"226\">Unser Unternehmen bietet die M\u00f6glichkeit, einen pers\u00f6nlichen Fahrer auszuw\u00e4hlen, sodass Sie jedes Ziel auf Korfu in Ihrem eigenen Tempo und nach Ihren W\u00fcnschen erreichen k\u00f6nnen.<\/p>\n<p data-start=\"228\" data-end=\"317\">Sie k\u00f6nnen einen pers\u00f6nlichen Fahrer bei der Buchung eines Autos mit A2S anfordern, wenn:<\/p>\n<ul data-start=\"319\" data-end=\"713\" data-is-last-node=\"\" data-is-only-node=\"\">\n<li data-start=\"319\" data-end=\"353\">Sie keinen F\u00fchrerschein besitzen<\/li>\n<li data-start=\"354\" data-end=\"418\">Sie sich unsicher f\u00fchlen, wenn Sie an unbekannten Orten fahren<\/li>\n<li data-start=\"419\" data-end=\"461\">Sie es nicht m\u00f6gen, im Ausland zu fahren<\/li>\n<li data-start=\"462\" data-end=\"505\">Gesundheitsprobleme Sie am Fahren hindern<\/li>\n<li data-start=\"506\" data-end=\"557\">Sie w\u00e4hrend Ihres Urlaubs Alkohol trinken m\u00f6chten<\/li>\n<li data-start=\"558\" data-end=\"713\" data-is-last-node=\"\">Das Einzige, was Sie brauchen, ist v\u00f6llige Entspannung und stressfreie Ferien, ohne w\u00e4hrend der hei\u00dfen Sommermonate auf der Insel Korfu fahren zu m\u00fcssen.<\/li>\n<\/ul>\n","protected":false},"excerpt":{"rendered":"<p>T\u00e4gliche Autovermietung mit pers\u00f6nlichem Fahrer Unser Unternehmen bietet die M\u00f6glichkeit, einen pers\u00f6nlichen Fahrer auszuw\u00e4hlen, sodass Sie jedes Ziel auf Korfu in Ihrem eigenen Tempo und nach Ihren W\u00fcnschen erreichen k\u00f6nnen. Sie k\u00f6nnen einen pers\u00f6nlichen Fahrer bei der Buchung eines Autos mit A2S anfordern, wenn: Sie keinen F\u00fchrerschein besitzen Sie sich unsicher f\u00fchlen, wenn Sie an [&hellip;]<\/p>\n","protected":false},"author":1,"featured_media":0,"parent":0,"menu_order":125,"comment_status":"closed","ping_status":"closed","template":"template-personal-driver.php","meta":{"_acf_changed":false,"om_disable_all_campaigns":false,"_monsterinsights_skip_tracking":false,"_monsterinsights_sitenote_active":false,"_monsterinsights_sitenote_note":"","_monsterinsights_sitenote_category":0,"_uf_show_specific_survey":0,"_uf_disable_surveys":false,"footnotes":""},"class_list":["post-2036","page","type-page","status-publish","hentry"],"acf":[],"_links":{"self":[{"href":"https:\/\/a2scars.rent\/de\/wp-json\/wp\/v2\/pages\/2036","targetHints":{"allow":["GET"]}}],"collection":[{"href":"https:\/\/a2scars.rent\/de\/wp-json\/wp\/v2\/pages"}],"about":[{"href":"https:\/\/a2scars.rent\/de\/wp-json\/wp\/v2\/types\/page"}],"author":[{"embeddable":true,"href":"https:\/\/a2scars.rent\/de\/wp-json\/wp\/v2\/users\/1"}],"replies":[{"embeddable":true,"href":"https:\/\/a2scars.rent\/de\/wp-json\/wp\/v2\/comments?post=2036"}],"version-history":[{"count":1,"href":"https:\/\/a2scars.rent\/de\/wp-json\/wp\/v2\/pages\/2036\/revisions"}],"predecessor-version":[{"id":3301,"href":"https:\/\/a2scars.rent\/de\/wp-json\/wp\/v2\/pages\/2036\/revisions\/3301"}],"wp:attachment":[{"href":"https:\/\/a2scars.rent\/de\/wp-json\/wp\/v2\/media?parent=2036"}],"curies":[{"name":"wp","href":"https:\/\/api.w.org\/{rel}","templated":true}]}}